{"id":16,"date":"2021-04-24T21:36:04","date_gmt":"2021-04-24T21:36:04","guid":{"rendered":"http:\/\/www.celiacquebec.ca.channelcanada.com\/?page_id=16"},"modified":"2025-11-12T18:48:09","modified_gmt":"2025-11-12T23:48:09","slug":"coming-soon","status":"publish","type":"page","link":"https:\/\/www.celiacquebec.ca\/fr\/","title":{"rendered":"Bienvenue au Groupe de soutien du Qu\u00e9bec pour C\u0153liaque Canada!"},"content":{"rendered":"<div id=\"cs-content\" class=\"cs-content\"><div class=\"x-section e16-e1 mg-0\"><div class=\"x-row x-container max width e16-e2 mg-1 mg-2\"><div class=\"x-row-inner\"><div class=\"x-col e16-e3 mg-3\"><span class=\"x-image e16-e4 mg-4\"><img decoding=\"async\" src=\"https:\/\/www.celiacquebec.ca\/wp-content\/uploads\/2025\/06\/montreal2.png\" width=\"3611\" height=\"924\" alt=\"Image\" loading=\"lazy\"><\/span><div class=\"x-text x-content e16-e5 mg-5\"><p>&nbsp;<\/p>\n<p><span style=\"font-weight: 400;\">Le  Groupe de soutien du Qu\u00e9bec pour C\u0153liaque Canada (QSGCC) est un groupe de soutien direct de Celiac Canada destin\u00e9 aux personnes atteintes de la maladie c\u0153liaque et de troubles li\u00e9s au gluten au Qu\u00e9bec, afin de leur fournir des renseignements sur les activit\u00e9s locales et le soutien par les pairs, ainsi que des liens vers des \u00e9v\u00e9nements au niveau national.<\/span><\/p>\n<p><span style=\"font-weight: 400;\">La vision de C\u0153liaque Canada est que chaque personne au Canada atteinte de la maladie c\u0153liaque soit diagnostiqu\u00e9e et prise en charge.<\/span><\/p>\n<p><span style=\"font-weight: 400;\">Si vous ou un membre de votre famille avez re\u00e7u un diagnostic r\u00e9cent de maladie c\u0153liaque ou de trouble li\u00e9 au gluten, si vous venez d'arriver au Qu\u00e9bec, si vous \u00eates de passage ou si vous avez des questions sur le r\u00e9gime sans gluten et les sympt\u00f4mes que vous ressentez, vous pouvez nous contacter pour obtenir des ressources \u00e0 l'adresse courriel suivante\u00a0: quebecsupportgroup@celiac.ca<\/span><\/p>\n<p><span style=\"font-weight: 400;\">Vous pouvez cliquer sur<\/span><a href=\"https:\/\/www.celiacquebec.ca\/fr\/local-events\/\"> <span style=\"font-weight: 400;\">\u00c9V\u00c9NEMENTS LOCAUX<\/span><\/a><span style=\"font-weight: 400;\"> pour d\u00e9couvrir ce qui se passe dans notre communaut\u00e9.<\/span><\/p>\n<p><span style=\"font-weight: 400;\">Vous pouvez cliquer sur<\/span><a href=\"https:\/\/www.celiac.ca\/news-events\/events\/\"> <span style=\"font-weight: 400;\">\u00c9V\u00c9NEMENTS NATIONAUX<\/span><\/a><span style=\"font-weight: 400;\"> pour obtenir des renseignements sur les \u00e9v\u00e9nements, webinaires et conf\u00e9rences de la CCA, etc.<\/span><\/p>\n<h4><span style=\"font-weight: 400;\">R\u00c9SEAUX SOCIAUX<\/span><\/h4>\n<h5><span style=\"font-weight: 400;\">Groupe de soutien du Qu\u00e9bec pour C\u0153liaque Canada<\/span><\/h5>\n<p>Facebook: <a href=\"https:\/\/facebook.com\/celiacquebec\">https:\/\/facebook.com\/celiacquebec<\/a> <br \/>Instagram: <a href=\"https:\/\/instagram.com\/celiacquebec\">https:\/\/instagram.com\/celiacquebec<\/a> (@celiacquebec)<br \/>Threads: <a href=\"https:\/\/threads.com\/@celiacquebec\">https:\/\/threads.com\/@celiacquebec<\/a> @celiacquebec<br \/>Bluesky: <a href=\"https:\/\/bsky.app\/profile\/celiacquebec.bsky.social\">https:\/\/bsky.app\/profile\/celiacquebec.bsky.social<\/a> (@celiacquebec.bsky.social)<\/p>\n<h5><span style=\"font-weight: 400;\">C\u0153liaque Canada<\/span><\/h5>\n<p><span style=\"font-weight: 400;\">Facebook:<\/span><\/p>\n<ul>\n<li><span style=\"font-weight: 400;\">C\u0153liaque Canada <a href=\"https:\/\/www.facebook.com\/CCAceliac\">https:\/\/www.facebook.com\/CCAceliac<\/a><\/span><\/li>\n<li><span style=\"font-weight: 400;\">Groupe de soutien pour C\u0153liaque Canada! <a href=\"https:\/\/facebook.com\/groups\/canadianceliacassociation\">https:\/\/facebook.com\/groups\/canadianceliacassociation<\/a><\/span><\/li>\n<\/ul>\n<p>&nbsp;<\/p><\/div><\/div><\/div><\/div><\/div><\/div>","protected":false},"excerpt":{"rendered":"<p>&nbsp; The Quebec Support Group for Celiac Canada (QSGCC) is a direct support group of Celiac Canada and exists for persons with celiac disease and gluten-related disorders in Quebec, to provide them with information about local activities and peer support, as well as links to events at the national level. Celiac Canada&#8217;s vision is that every person in Canada living &#8230;<\/p>","protected":false},"author":6,"featured_media":0,"parent":0,"menu_order":0,"comment_status":"closed","ping_status":"closed","template":"","meta":{"footnotes":""},"class_list":["post-16","page","type-page","status-publish","hentry","no-post-thumbnail"],"_links":{"self":[{"href":"https:\/\/www.celiacquebec.ca\/fr\/wp-json\/wp\/v2\/pages\/16","targetHints":{"allow":["GET"]}}],"collection":[{"href":"https:\/\/www.celiacquebec.ca\/fr\/wp-json\/wp\/v2\/pages"}],"about":[{"href":"https:\/\/www.celiacquebec.ca\/fr\/wp-json\/wp\/v2\/types\/page"}],"author":[{"embeddable":true,"href":"https:\/\/www.celiacquebec.ca\/fr\/wp-json\/wp\/v2\/users\/6"}],"replies":[{"embeddable":true,"href":"https:\/\/www.celiacquebec.ca\/fr\/wp-json\/wp\/v2\/comments?post=16"}],"version-history":[{"count":48,"href":"https:\/\/www.celiacquebec.ca\/fr\/wp-json\/wp\/v2\/pages\/16\/revisions"}],"predecessor-version":[{"id":1028,"href":"https:\/\/www.celiacquebec.ca\/fr\/wp-json\/wp\/v2\/pages\/16\/revisions\/1028"}],"wp:attachment":[{"href":"https:\/\/www.celiacquebec.ca\/fr\/wp-json\/wp\/v2\/media?parent=16"}],"curies":[{"name":"wp","href":"https:\/\/api.w.org\/{rel}","templated":true}]}}