{"id":69,"date":"2021-05-13T00:47:43","date_gmt":"2021-05-13T00:47:43","guid":{"rendered":"https:\/\/www.celiacquebec.ca\/?page_id=69"},"modified":"2026-02-19T20:12:43","modified_gmt":"2026-02-20T01:12:43","slug":"local-events-2","status":"publish","type":"page","link":"https:\/\/www.celiacquebec.ca\/fr\/local-events-2\/","title":{"rendered":"\u00c9v\u00e9nements locaux"},"content":{"rendered":"<div id=\"cs-content\" class=\"cs-content\"><div class=\"x-section e69-e1 m1x-0\"><div class=\"x-row x-container max width e69-e2 m1x-1 m1x-2\"><div class=\"x-row-inner\"><div class=\"x-col e69-e3 m1x-3\"><div class=\"x-text x-content e69-e4 m1x-4\"><p>Chat hours are online discussions of a topic of interest to the gluten-free community in Quebec.&nbsp; More information about them is <a href=\"\/fr\/chat-hours\/\">here<\/a>.<\/p>\n<p><div id=\"mec_skin_89\"\r\n     class=\"mec-wrap    mec-full-calendar-wrap\">\r\n\r\n    <div class=\"mec-search-form mec-totalcal-box\">\r\n                                            <form id=\"mec_search_form_89\" class=\"mec-dropdown-classic\" autocomplete=\"off\" action=\"\">\r\n                <div>\r\n\r\n                    \r\n                    <div class=\"mec-dropdown-wrap\">\r\n                                                                                                                                                                    <\/div>\r\n                <\/div>\r\n                                <div>\r\n                                                        <\/div>\r\n                <div class=\"mec-full-calendar-search-ends\">\r\n                                            <div class=\"mec-text-input-search\"><i class=\"mec-sl-magnifier\"><\/i>\r\n                    <input type=\"search\" value=\"\" id=\"mec_sf_s_89\" placeholder=\"Search\" title=\"Search\" \/>\r\n                <\/div>                                                                <div class=\"mec-date-search\"><input type=\"hidden\" id=\"mec-filter-none\" value=\"Select\"><i class=\"mec-sl-calendar\"><\/i>\r\n                    <select id=\"mec_sf_month_89\" title=\"Month Filter\">\r\n                        <option value=\"\">Select Month<\/option><option value=\"01\">janvier<\/option><option value=\"02\">f\u00e9vrier<\/option><option value=\"03\">mars<\/option><option value=\"04\" selected>avril<\/option><option value=\"05\">mai<\/option><option value=\"06\">juin<\/option><option value=\"07\">juillet<\/option><option value=\"08\">ao\u00fbt<\/option><option value=\"09\">septembre<\/option><option value=\"10\">octobre<\/option><option value=\"11\">novembre<\/option><option value=\"12\">d\u00e9cembre<\/option><\/select><select id=\"mec_sf_year_89\" title=\"Year Filter\"><option value=\"\">Select Year<\/option><option value=\"2020\">2020<\/option><option value=\"2021\">2021<\/option><option value=\"2022\">2022<\/option><option value=\"2023\">2023<\/option><option value=\"2024\">2024<\/option><option value=\"2025\">2025<\/option><option value=\"2026\" selected>2026<\/option><\/select><\/div>                                                                                <div class=\"mec-tab-loader\">\r\n                        <div class=\"mec-totalcal-view\">\r\n                                                        <span\r\n                                class=\"mec-totalcal-monthlyview\"\r\n                                data-skin=\"monthly\">Monthly<\/span>                            <span\r\n                                class=\"mec-totalcal-weeklyview\"\r\n                                data-skin=\"weekly\">Weekly<\/span>                            <span\r\n                                class=\"mec-totalcal-dailyview\"\r\n                                data-skin=\"daily\">Daily<\/span>                            <span\r\n                                class=\"mec-totalcal-listview mec-totalcalview-selected\"\r\n                                data-skin=\"list\">List<\/span>                            <span\r\n                                class=\"mec-totalcal-gridview\"\r\n                                data-skin=\"grid\">Grid<\/span>                            <span\r\n                                class=\"mec-totalcal-tileview\"\r\n                                data-skin=\"tile\">Tile<\/span>                        <\/div>\r\n                    <\/div>\r\n                <\/div>\r\n            <input type=\"hidden\" name=\"trp-form-language\" value=\"fr\"\/><\/form>\r\n            <\/div>\r\n\r\n    <div id=\"mec_full_calendar_container_89\" class=\"mec-full-calendar-skin-container\">\r\n        <div class=\"mec-wrap mec-skin-list-container\" id=\"mec_skin_89\">\r\n\r\n    \r\n        <div class=\"mec-skin-list-events-container\" id=\"mec_skin_events_89\">\r\n        No event found!    <\/div>\r\n    \r\n    \r\n<\/div>\r\n    <\/div>\r\n\r\n    <\/div>\r\n<\/p><\/div><\/div><\/div><\/div><\/div><\/div>","protected":false},"excerpt":{"rendered":"<p>Chat hours are online discussions of a topic of interest to the gluten-free community in Quebec.&nbsp; More information about them is here. Select Monthjanvierf\u00e9vriermarsavrilmaijuinjuilletao\u00fbtseptembreoctobrenovembred\u00e9cembreSelect Year2020202120222023202420252026 Monthly Weekly Daily List Grid Tile No event found!<\/p>","protected":false},"author":6,"featured_media":0,"parent":0,"menu_order":0,"comment_status":"closed","ping_status":"closed","template":"","meta":{"footnotes":""},"class_list":["post-69","page","type-page","status-publish","hentry","no-post-thumbnail"],"_links":{"self":[{"href":"https:\/\/www.celiacquebec.ca\/fr\/wp-json\/wp\/v2\/pages\/69","targetHints":{"allow":["GET"]}}],"collection":[{"href":"https:\/\/www.celiacquebec.ca\/fr\/wp-json\/wp\/v2\/pages"}],"about":[{"href":"https:\/\/www.celiacquebec.ca\/fr\/wp-json\/wp\/v2\/types\/page"}],"author":[{"embeddable":true,"href":"https:\/\/www.celiacquebec.ca\/fr\/wp-json\/wp\/v2\/users\/6"}],"replies":[{"embeddable":true,"href":"https:\/\/www.celiacquebec.ca\/fr\/wp-json\/wp\/v2\/comments?post=69"}],"version-history":[{"count":37,"href":"https:\/\/www.celiacquebec.ca\/fr\/wp-json\/wp\/v2\/pages\/69\/revisions"}],"predecessor-version":[{"id":1067,"href":"https:\/\/www.celiacquebec.ca\/fr\/wp-json\/wp\/v2\/pages\/69\/revisions\/1067"}],"wp:attachment":[{"href":"https:\/\/www.celiacquebec.ca\/fr\/wp-json\/wp\/v2\/media?parent=69"}],"curies":[{"name":"wp","href":"https:\/\/api.w.org\/{rel}","templated":true}]}}