{"id":747,"date":"2025-06-05T15:02:43","date_gmt":"2025-06-05T19:02:43","guid":{"rendered":"https:\/\/www.celiacquebec.ca\/?page_id=747"},"modified":"2025-09-19T12:48:54","modified_gmt":"2025-09-19T16:48:54","slug":"peer-support","status":"publish","type":"page","link":"https:\/\/www.celiacquebec.ca\/fr\/contact-us\/peer-support\/","title":{"rendered":"Soutien par les pairs"},"content":{"rendered":"<div id=\"cs-content\" class=\"cs-content\"><div class=\"x-section e747-e1 mkr-0\"><div class=\"x-row x-container max width e747-e2 mkr-1 mkr-2\"><div class=\"x-row-inner\"><div class=\"x-col e747-e3 mkr-3\"><div class=\"x-text x-content e747-e4 mkr-4\"><p><span style=\"font-weight: 400;\">Nous proposons un soutien individuel sur demande avec l'un de nos pairs aidants. Il s'agit d'une personne ayant plusieurs ann\u00e9es d'exp\u00e9rience en mati\u00e8re de r\u00e9gime sans gluten. Si vous venez d'\u00eatre diagnostiqu\u00e9(e), si vous avez un enfant r\u00e9cemment diagnostiqu\u00e9 ou si vous avez r\u00e9cemment d\u00e9m\u00e9nag\u00e9, contactez-nous pour demander ce service gratuit en utilisant le formulaire suivant :<\/span><\/p>\n<p>\n<div class=\"wpcf7 no-js\" id=\"wpcf7-f732-o1\" lang=\"en-CA\" dir=\"ltr\" data-wpcf7-id=\"732\">\n<div class=\"screen-reader-response\"><p role=\"status\" aria-live=\"polite\" aria-atomic=\"true\"><\/p> <ul><\/ul><\/div>\n<form action=\"\/fr\/wp-json\/wp\/v2\/pages\/747#wpcf7-f732-o1\" method=\"post\" class=\"wpcf7-form init\" aria-label=\"Contact form\" novalidate=\"novalidate\" data-status=\"init\" data-trp-original-action=\"\/fr\/wp-json\/wp\/v2\/pages\/747#wpcf7-f732-o1\">\n<fieldset class=\"hidden-fields-container\"><input type=\"hidden\" name=\"_wpcf7\" value=\"732\" \/><input type=\"hidden\" name=\"_wpcf7_version\" value=\"6.1.5\" \/><input type=\"hidden\" name=\"_wpcf7_locale\" value=\"en_CA\" \/><input type=\"hidden\" name=\"_wpcf7_unit_tag\" value=\"wpcf7-f732-o1\" \/><input type=\"hidden\" name=\"_wpcf7_container_post\" value=\"0\" \/><input type=\"hidden\" name=\"_wpcf7_posted_data_hash\" value=\"\" \/>\n<\/fieldset>\n<p><label> Votre nom<br \/>\n<span class=\"wpcf7-form-control-wrap\" data-name=\"your-name\"><input size=\"40\" maxlength=\"400\" class=\"wpcf7-form-control wpcf7-text wpcf7-validates-as-required\" autocomplete=\"name\" aria-required=\"true\" aria-invalid=\"false\" value=\"\" type=\"text\" name=\"your-name\" \/><\/span> <\/label>\n<\/p>\n<p><label> Votre courriel<br \/>\n<span class=\"wpcf7-form-control-wrap\" data-name=\"your-email\"><input size=\"40\" maxlength=\"400\" class=\"wpcf7-form-control wpcf7-email wpcf7-validates-as-required wpcf7-text wpcf7-validates-as-email\" autocomplete=\"email\" aria-required=\"true\" aria-invalid=\"false\" value=\"\" type=\"email\" name=\"your-email\" \/><\/span> <\/label>\n<\/p>\n<p><label> Votre message<br \/>\n<span class=\"wpcf7-form-control-wrap\" data-name=\"your-message\"><textarea cols=\"40\" rows=\"10\" maxlength=\"2000\" class=\"wpcf7-form-control wpcf7-textarea\" aria-invalid=\"false\" name=\"your-message\"><\/textarea><\/span> <\/label>\n<\/p>\n<p><input class=\"wpcf7-form-control wpcf7-submit has-spinner\" type=\"submit\" value=\"Soumettre\" \/>\n<\/p><div class=\"wpcf7-response-output\" aria-hidden=\"true\"><\/div>\n<input type=\"hidden\" name=\"trp-form-language\" value=\"fr\"\/><\/form>\n<\/div>\n<\/p><\/div><\/div><\/div><\/div><\/div><\/div>","protected":false},"excerpt":{"rendered":"<p>We offer one-on-one peer support on request with one of our peer supporters.&nbsp; This is someone with several years of experience in living gluten-free.&nbsp; If you are newly-diagnosed, have a child newly-diagnosed, or have recently moved to a new situation, for example, get in touch with us to request this free service using the following form: Your name Your email &#8230;<\/p>","protected":false},"author":6,"featured_media":0,"parent":733,"menu_order":0,"comment_status":"closed","ping_status":"closed","template":"","meta":{"footnotes":""},"class_list":["post-747","page","type-page","status-publish","hentry","no-post-thumbnail"],"_links":{"self":[{"href":"https:\/\/www.celiacquebec.ca\/fr\/wp-json\/wp\/v2\/pages\/747","targetHints":{"allow":["GET"]}}],"collection":[{"href":"https:\/\/www.celiacquebec.ca\/fr\/wp-json\/wp\/v2\/pages"}],"about":[{"href":"https:\/\/www.celiacquebec.ca\/fr\/wp-json\/wp\/v2\/types\/page"}],"author":[{"embeddable":true,"href":"https:\/\/www.celiacquebec.ca\/fr\/wp-json\/wp\/v2\/users\/6"}],"replies":[{"embeddable":true,"href":"https:\/\/www.celiacquebec.ca\/fr\/wp-json\/wp\/v2\/comments?post=747"}],"version-history":[{"count":5,"href":"https:\/\/www.celiacquebec.ca\/fr\/wp-json\/wp\/v2\/pages\/747\/revisions"}],"predecessor-version":[{"id":752,"href":"https:\/\/www.celiacquebec.ca\/fr\/wp-json\/wp\/v2\/pages\/747\/revisions\/752"}],"up":[{"embeddable":true,"href":"https:\/\/www.celiacquebec.ca\/fr\/wp-json\/wp\/v2\/pages\/733"}],"wp:attachment":[{"href":"https:\/\/www.celiacquebec.ca\/fr\/wp-json\/wp\/v2\/media?parent=747"}],"curies":[{"name":"wp","href":"https:\/\/api.w.org\/{rel}","templated":true}]}}