{"id":757,"date":"2025-06-05T15:09:21","date_gmt":"2025-06-05T19:09:21","guid":{"rendered":"https:\/\/www.celiacquebec.ca\/contact-us-3\/"},"modified":"2025-09-19T12:48:42","modified_gmt":"2025-09-19T16:48:42","slug":"mailing-list","status":"publish","type":"page","link":"https:\/\/www.celiacquebec.ca\/fr\/contact-us\/mailing-list\/","title":{"rendered":"Liste de diffusion"},"content":{"rendered":"<div id=\"cs-content\" class=\"cs-content\"><div class=\"x-section e757-e1 ml1-0\"><div class=\"x-row x-container max width e757-e2 ml1-1 ml1-2\"><div class=\"x-row-inner\"><div class=\"x-col e757-e3 ml1-3\"><span class=\"x-image e757-e4 ml1-4\"><img decoding=\"async\" src=\"https:\/\/www.celiacquebec.ca\/wp-content\/uploads\/2025\/06\/mailing-list.png\" width=\"1914\" height=\"672\" alt=\"Image\" loading=\"lazy\"><\/span><div class=\"x-text x-content e757-e5 ml1-5\"><p>&nbsp;<\/p>\n<p>Nous disposons d'une liste de diffusion en ligne pour vous envoyer des informations telles que des annonces d'\u00e9v\u00e9nements et des bulletins. Pour vous abonner, saisissez vos coordonn\u00e9es ici.<\/p>\n<p>\n<div class=\"wpcf7 no-js\" id=\"wpcf7-f739-o1\" lang=\"en-CA\" dir=\"ltr\" data-wpcf7-id=\"739\">\n<div class=\"screen-reader-response\"><p role=\"status\" aria-live=\"polite\" aria-atomic=\"true\"><\/p> <ul><\/ul><\/div>\n<form action=\"\/fr\/wp-json\/wp\/v2\/pages\/757#wpcf7-f739-o1\" method=\"post\" class=\"wpcf7-form init\" aria-label=\"Contact form\" novalidate=\"novalidate\" data-status=\"init\" data-trp-original-action=\"\/fr\/wp-json\/wp\/v2\/pages\/757#wpcf7-f739-o1\">\n<fieldset class=\"hidden-fields-container\"><input type=\"hidden\" name=\"_wpcf7\" value=\"739\" \/><input type=\"hidden\" name=\"_wpcf7_version\" value=\"6.1.5\" \/><input type=\"hidden\" name=\"_wpcf7_locale\" value=\"en_CA\" \/><input type=\"hidden\" name=\"_wpcf7_unit_tag\" value=\"wpcf7-f739-o1\" \/><input type=\"hidden\" name=\"_wpcf7_container_post\" value=\"0\" \/><input type=\"hidden\" name=\"_wpcf7_posted_data_hash\" value=\"\" \/>\n<\/fieldset>\n<p><label> Votre nom<br \/>\n<span class=\"wpcf7-form-control-wrap\" data-name=\"your-name\"><input size=\"40\" maxlength=\"400\" class=\"wpcf7-form-control wpcf7-text wpcf7-validates-as-required\" autocomplete=\"name\" aria-required=\"true\" aria-invalid=\"false\" value=\"\" type=\"text\" name=\"your-name\" \/><\/span> <\/label>\n<\/p>\n<p><label> Votre courriel<br \/>\n<span class=\"wpcf7-form-control-wrap\" data-name=\"your-email\"><input size=\"40\" maxlength=\"400\" class=\"wpcf7-form-control wpcf7-email wpcf7-validates-as-required wpcf7-text wpcf7-validates-as-email\" autocomplete=\"email\" aria-required=\"true\" aria-invalid=\"false\" value=\"\" type=\"email\" name=\"your-email\" \/><\/span> <\/label>\n<\/p>\n<p><input class=\"wpcf7-form-control wpcf7-submit has-spinner\" type=\"submit\" value=\"Soumettre\" \/>\n<\/p><div class=\"wpcf7-response-output\" aria-hidden=\"true\"><\/div>\n<input type=\"hidden\" name=\"trp-form-language\" value=\"fr\"\/><\/form>\n<\/div>\n<\/p>\n<p>&nbsp;<\/p>\n<p>&nbsp;<\/p>\n<p>&nbsp;<\/p><\/div><\/div><\/div><\/div><\/div><\/div>","protected":false},"excerpt":{"rendered":"<p>&nbsp; We have an online mailing list for sending out information such as event announcements and newsletters. To subscribe, enter your contact information here. Your name Your email &nbsp; &nbsp; &nbsp;<\/p>","protected":false},"author":6,"featured_media":0,"parent":733,"menu_order":0,"comment_status":"closed","ping_status":"closed","template":"","meta":{"footnotes":""},"class_list":["post-757","page","type-page","status-publish","hentry","no-post-thumbnail"],"_links":{"self":[{"href":"https:\/\/www.celiacquebec.ca\/fr\/wp-json\/wp\/v2\/pages\/757","targetHints":{"allow":["GET"]}}],"collection":[{"href":"https:\/\/www.celiacquebec.ca\/fr\/wp-json\/wp\/v2\/pages"}],"about":[{"href":"https:\/\/www.celiacquebec.ca\/fr\/wp-json\/wp\/v2\/types\/page"}],"author":[{"embeddable":true,"href":"https:\/\/www.celiacquebec.ca\/fr\/wp-json\/wp\/v2\/users\/6"}],"replies":[{"embeddable":true,"href":"https:\/\/www.celiacquebec.ca\/fr\/wp-json\/wp\/v2\/comments?post=757"}],"version-history":[{"count":5,"href":"https:\/\/www.celiacquebec.ca\/fr\/wp-json\/wp\/v2\/pages\/757\/revisions"}],"predecessor-version":[{"id":940,"href":"https:\/\/www.celiacquebec.ca\/fr\/wp-json\/wp\/v2\/pages\/757\/revisions\/940"}],"up":[{"embeddable":true,"href":"https:\/\/www.celiacquebec.ca\/fr\/wp-json\/wp\/v2\/pages\/733"}],"wp:attachment":[{"href":"https:\/\/www.celiacquebec.ca\/fr\/wp-json\/wp\/v2\/media?parent=757"}],"curies":[{"name":"wp","href":"https:\/\/api.w.org\/{rel}","templated":true}]}}